{"id":67,"date":"2023-02-23T10:09:24","date_gmt":"2023-02-23T10:09:24","guid":{"rendered":"http:\/\/docmet-demo.pbminfotech.com\/demo1\/?page_id=4133"},"modified":"2023-08-31T22:26:33","modified_gmt":"2023-08-31T22:26:33","slug":"servicios","status":"publish","type":"page","link":"https:\/\/hospitalmedicalcubacenter.com\/?page_id=67","title":{"rendered":"Servicios Hospitalarios"},"content":{"rendered":"\t\t<div data-elementor-type=\"wp-page\" data-elementor-id=\"67\" class=\"elementor elementor-67\">\n\t\t\t\t\t\t<div class=\"elementor-section elementor-top-section elementor-element elementor-element-69566a3 pbmit-col-stretched-none pbmit-cursor-color-blackish-color pbmit-bg-color-over-image elementor-section-boxed elementor-section-height-default elementor-section-height-default\" data-id=\"69566a3\" data-element_type=\"section\" data-e-type=\"section\">\n\t\t\t\t\t\t<div class=\"elementor-container elementor-column-gap-no\">\n\t\t\t\t\t<div class=\"elementor-column elementor-col-100 elementor-top-column elementor-element elementor-element-55e03e9 pbmit-bg-color-over-image\" data-id=\"55e03e9\" data-element_type=\"column\" data-e-type=\"column\">\n\t\t\t<div class=\"elementor-widget-wrap elementor-element-populated\">\n\t\t\t\t\t\t<div class=\"elementor-element elementor-element-6f9f242 pbmit-align-left elementor-widget elementor-widget-pbmit_service_element\" data-id=\"6f9f242\" data-element_type=\"widget\" data-e-type=\"widget\" data-widget_type=\"pbmit_service_element.default\">\n\t\t\t\t<div class=\"elementor-widget-container\">\n\t\t\t\t\t\r\n\t\t<div class=\"pbminfotech-element pbminfotech-element-service pbmit-element-service-style-1 pbmit-element-viewtype-row-column pbmit-element-sticky-carousel-false pbminfotech-gap-30px pbmit-infinite-scroll-no pbmit-infinite-scroll-button-no\" data-cpt=\"service\" data-totalpagination=\"1\" data-style=\"1\" data-show=\"12\" data-columns=\"3\" data-loop=\"false\" data-autoplay=\"false\" data-center=\"false\" data-nav=\"false\" data-dots=\"false\" data-reverse=\"false\" data-autoplayspeed=\"1000\" data-margin=\"30px\"><div class=\"pbmit-element-inner\">\t\t\r\n\t\t\t\t\t<div class=\"pbmit-ele-header-area\">\r\n\t\t\t\t\t<div class=\"pbmit-heading-subheading \"><\/div>\t\t\t\t\t\t\t<\/div>\r\n\t\t\t\t\r\n\t\t<div class=\"pbmit-infinite-scroll-data\">{\"cpt\":\"service\",\"style\":\"1\",\"columns\":\"3\",\"show\":12,\"order\":\"DESC\",\"orderby\":\"none\"}<\/div>\r\n\t\t\t\t<div class=\"pbmit-element-posts-wrapper row multi-columns-row  \">\r\n\r\n\t\t\t\t\t\r\n\t\t\t\t\t<article class=\"pbmit-ele pbmit-ele-service pbmit-service-style-1 col-md-4 medicina-general pbmit-term-54  \">\r\n<div class=\"pbminfotech-post-item\">\r\n\t<div class=\"pbmit-service-icon-overlay\">\r\n\t\t<div class=\"pbmit-featured-img-wrapper\"><div class=\"pbmit-featured-wrapper\"><a href=\"https:\/\/hospitalmedicalcubacenter.com\/?pbmit-service=medicina-general\"><img fetchpriority=\"high\" decoding=\"async\" width=\"960\" height=\"690\" src=\"https:\/\/i0.wp.com\/hospitalmedicalcubacenter.com\/wp-content\/uploads\/2023\/01\/Medicina-General.jpg?resize=960%2C690&amp;ssl=1\" class=\"attachment-pbmit-img-960x690 size-pbmit-img-960x690 wp-post-image\" alt=\"\" \/><\/a><\/div><\/div>\t\t<div class=\"pbmit-service-icon-wrapper\">\r\n\t\t\t<i class=\"pbmit-docmet-icon pbmit-docmet-icon-stethoscope\"><\/i>\t\t<\/div>\r\n\t<\/div>\r\n\t<div class=\"pbminfotech-box-content\">\r\n\t\t<div class=\"pbminfotech--box-content-inner\">\r\n\t\t\t<h3 class=\"pbmit-service-title\"><a href=\"https:\/\/hospitalmedicalcubacenter.com\/?pbmit-service=medicina-general\">Medicina General<\/a><\/h3>\r\n\t\t\t\t\t\t<div class=\"pbmit-service-content\"><p>Primer nivel de atenci\u00f3n m\u00e9dica y es imprescindible para la prevenci\u00f3n, detecci\u00f3n, tratamiento y seguimiento de enfermedades<\/p>\n<\/div>\r\n\t\t\t \r\n\t\t\t<div class=\"pbmit-service-btn\"> \r\n\t\t\t\t<a href=\"https:\/\/hospitalmedicalcubacenter.com\/?pbmit-service=medicina-general\"><span>Learn More<\/span><i class=\"demo-icon pbmit-base-icon-chevron-right-solid\"><\/i><\/a>\r\n\t\t\t<\/div>\r\n\t\t<\/div>\r\n\t<\/div>\r\n<\/div><\/article><article class=\"pbmit-ele pbmit-ele-service pbmit-service-style-1 col-md-4 cirugia-plastica pbmit-term-52  \">\r\n<div class=\"pbminfotech-post-item\">\r\n\t<div class=\"pbmit-service-icon-overlay\">\r\n\t\t<div class=\"pbmit-featured-img-wrapper\"><div class=\"pbmit-featured-wrapper\"><a href=\"https:\/\/hospitalmedicalcubacenter.com\/?pbmit-service=cirugia-plastica\"><img decoding=\"async\" width=\"960\" height=\"690\" src=\"https:\/\/i0.wp.com\/hospitalmedicalcubacenter.com\/wp-content\/uploads\/2023\/01\/Cirugia-plastica.jpg?resize=960%2C690&amp;ssl=1\" class=\"attachment-pbmit-img-960x690 size-pbmit-img-960x690 wp-post-image\" alt=\"\" \/><\/a><\/div><\/div>\t\t<div class=\"pbmit-service-icon-wrapper\">\r\n\t\t\t<i class=\"pbmit-docmet-icon pbmit-docmet-icon-breath\"><\/i>\t\t<\/div>\r\n\t<\/div>\r\n\t<div class=\"pbminfotech-box-content\">\r\n\t\t<div class=\"pbminfotech--box-content-inner\">\r\n\t\t\t<h3 class=\"pbmit-service-title\"><a href=\"https:\/\/hospitalmedicalcubacenter.com\/?pbmit-service=cirugia-plastica\">Cirug\u00eda Pl\u00e1stica<\/a><\/h3>\r\n\t\t\t\t\t\t<div class=\"pbmit-service-content\"><p>Especialidad quir\u00fargica que se ocupa de la correcci\u00f3n de todo proceso cong\u00e9nito, adquirido, tumoral o simplemente involutivo<\/p>\n<\/div>\r\n\t\t\t \r\n\t\t\t<div class=\"pbmit-service-btn\"> \r\n\t\t\t\t<a href=\"https:\/\/hospitalmedicalcubacenter.com\/?pbmit-service=cirugia-plastica\"><span>Learn More<\/span><i class=\"demo-icon pbmit-base-icon-chevron-right-solid\"><\/i><\/a>\r\n\t\t\t<\/div>\r\n\t\t<\/div>\r\n\t<\/div>\r\n<\/div><\/article><article class=\"pbmit-ele pbmit-ele-service pbmit-service-style-1 col-md-4 oftalmologia pbmit-term-51  \">\r\n<div class=\"pbminfotech-post-item\">\r\n\t<div class=\"pbmit-service-icon-overlay\">\r\n\t\t<div class=\"pbmit-featured-img-wrapper\"><div class=\"pbmit-featured-wrapper\"><a href=\"https:\/\/hospitalmedicalcubacenter.com\/?pbmit-service=oftalmologia\"><img decoding=\"async\" width=\"960\" height=\"690\" src=\"https:\/\/i0.wp.com\/hospitalmedicalcubacenter.com\/wp-content\/uploads\/2023\/01\/Oftalmologia.jpg?resize=960%2C690&amp;ssl=1\" class=\"attachment-pbmit-img-960x690 size-pbmit-img-960x690 wp-post-image\" alt=\"\" \/><\/a><\/div><\/div>\t\t<div class=\"pbmit-service-icon-wrapper\">\r\n\t\t\t<i class=\"pbmit-docmet-icon pbmit-docmet-icon-vision\"><\/i>\t\t<\/div>\r\n\t<\/div>\r\n\t<div class=\"pbminfotech-box-content\">\r\n\t\t<div class=\"pbminfotech--box-content-inner\">\r\n\t\t\t<h3 class=\"pbmit-service-title\"><a href=\"https:\/\/hospitalmedicalcubacenter.com\/?pbmit-service=oftalmologia\">Oftalmolog\u00eda<\/a><\/h3>\r\n\t\t\t\t\t\t<div class=\"pbmit-service-content\"><p>Enfermedades y tratamientos de los ojos, parpados, y v\u00edas lagrimales<\/p>\n<\/div>\r\n\t\t\t \r\n\t\t\t<div class=\"pbmit-service-btn\"> \r\n\t\t\t\t<a href=\"https:\/\/hospitalmedicalcubacenter.com\/?pbmit-service=oftalmologia\"><span>Learn More<\/span><i class=\"demo-icon pbmit-base-icon-chevron-right-solid\"><\/i><\/a>\r\n\t\t\t<\/div>\r\n\t\t<\/div>\r\n\t<\/div>\r\n<\/div><\/article><article class=\"pbmit-ele pbmit-ele-service pbmit-service-style-1 col-md-4 cardiologia pbmit-term-39  \">\r\n<div class=\"pbminfotech-post-item\">\r\n\t<div class=\"pbmit-service-icon-overlay\">\r\n\t\t<div class=\"pbmit-featured-img-wrapper\"><div class=\"pbmit-featured-wrapper\"><a href=\"https:\/\/hospitalmedicalcubacenter.com\/?pbmit-service=cardiologist\"><img loading=\"lazy\" decoding=\"async\" width=\"960\" height=\"690\" src=\"https:\/\/i0.wp.com\/hospitalmedicalcubacenter.com\/wp-content\/uploads\/2023\/01\/cardiologia-cuba-center2.jpg?resize=960%2C690&amp;ssl=1\" class=\"attachment-pbmit-img-960x690 size-pbmit-img-960x690 wp-post-image\" alt=\"\" \/><\/a><\/div><\/div>\t\t<div class=\"pbmit-service-icon-wrapper\">\r\n\t\t\t<i class=\"pbmit-docmet-icon pbmit-docmet-icon-cardiology\"><\/i>\t\t<\/div>\r\n\t<\/div>\r\n\t<div class=\"pbminfotech-box-content\">\r\n\t\t<div class=\"pbminfotech--box-content-inner\">\r\n\t\t\t<h3 class=\"pbmit-service-title\"><a href=\"https:\/\/hospitalmedicalcubacenter.com\/?pbmit-service=cardiologist\">Cardiolog\u00eda<\/a><\/h3>\r\n\t\t\t\t\t\t<div class=\"pbmit-service-content\"><p>Coraz\u00f3n y los problemas relacionados con el sistema cardiovascular.<\/p>\n<\/div>\r\n\t\t\t \r\n\t\t\t<div class=\"pbmit-service-btn\"> \r\n\t\t\t\t<a href=\"https:\/\/hospitalmedicalcubacenter.com\/?pbmit-service=cardiologist\"><span>Learn More<\/span><i class=\"demo-icon pbmit-base-icon-chevron-right-solid\"><\/i><\/a>\r\n\t\t\t<\/div>\r\n\t\t<\/div>\r\n\t<\/div>\r\n<\/div><\/article><article class=\"pbmit-ele pbmit-ele-service pbmit-service-style-1 col-md-4 otorrinolaringologia pbmit-term-37  \">\r\n<div class=\"pbminfotech-post-item\">\r\n\t<div class=\"pbmit-service-icon-overlay\">\r\n\t\t<div class=\"pbmit-featured-img-wrapper\"><div class=\"pbmit-featured-wrapper\"><a href=\"https:\/\/hospitalmedicalcubacenter.com\/?pbmit-service=rhinology\"><img loading=\"lazy\" decoding=\"async\" width=\"960\" height=\"690\" src=\"https:\/\/i0.wp.com\/hospitalmedicalcubacenter.com\/wp-content\/uploads\/2023\/01\/Otorrinolaringologia1.jpg?resize=960%2C690&amp;ssl=1\" class=\"attachment-pbmit-img-960x690 size-pbmit-img-960x690 wp-post-image\" alt=\"\" \/><\/a><\/div><\/div>\t\t<div class=\"pbmit-service-icon-wrapper\">\r\n\t\t\t<i class=\"pbmit-docmet-icon pbmit-docmet-icon-nose\"><\/i>\t\t<\/div>\r\n\t<\/div>\r\n\t<div class=\"pbminfotech-box-content\">\r\n\t\t<div class=\"pbminfotech--box-content-inner\">\r\n\t\t\t<h3 class=\"pbmit-service-title\"><a href=\"https:\/\/hospitalmedicalcubacenter.com\/?pbmit-service=rhinology\">Otorrinolaringolog\u00eda<\/a><\/h3>\r\n\t\t\t\t\t\t<div class=\"pbmit-service-content\"><p> Trastornos del o\u00eddo, la nariz, la garganta y las estructuras relacionadas.<\/p>\n<\/div>\r\n\t\t\t \r\n\t\t\t<div class=\"pbmit-service-btn\"> \r\n\t\t\t\t<a href=\"https:\/\/hospitalmedicalcubacenter.com\/?pbmit-service=rhinology\"><span>Learn More<\/span><i class=\"demo-icon pbmit-base-icon-chevron-right-solid\"><\/i><\/a>\r\n\t\t\t<\/div>\r\n\t\t<\/div>\r\n\t<\/div>\r\n<\/div><\/article><article class=\"pbmit-ele pbmit-ele-service pbmit-service-style-1 col-md-4 urologia pbmit-term-40  \">\r\n<div class=\"pbminfotech-post-item\">\r\n\t<div class=\"pbmit-service-icon-overlay\">\r\n\t\t<div class=\"pbmit-featured-img-wrapper\"><div class=\"pbmit-featured-wrapper\"><a href=\"https:\/\/hospitalmedicalcubacenter.com\/?pbmit-service=pulmonary\"><img loading=\"lazy\" decoding=\"async\" width=\"960\" height=\"690\" src=\"https:\/\/i0.wp.com\/hospitalmedicalcubacenter.com\/wp-content\/uploads\/2023\/01\/Urologia.jpg?resize=960%2C690&amp;ssl=1\" class=\"attachment-pbmit-img-960x690 size-pbmit-img-960x690 wp-post-image\" alt=\"\" \/><\/a><\/div><\/div>\t\t<div class=\"pbmit-service-icon-wrapper\">\r\n\t\t\t<i class=\"pbmit-docmet-icon pbmit-docmet-icon-medical-team\"><\/i>\t\t<\/div>\r\n\t<\/div>\r\n\t<div class=\"pbminfotech-box-content\">\r\n\t\t<div class=\"pbminfotech--box-content-inner\">\r\n\t\t\t<h3 class=\"pbmit-service-title\"><a href=\"https:\/\/hospitalmedicalcubacenter.com\/?pbmit-service=pulmonary\">Urolog\u00eda<\/a><\/h3>\r\n\t\t\t\t\t\t<div class=\"pbmit-service-content\"><p>Especialidad que trata las enfermedades del sistema urinario y del aparato reproductor masculino.<\/p>\n<\/div>\r\n\t\t\t \r\n\t\t\t<div class=\"pbmit-service-btn\"> \r\n\t\t\t\t<a href=\"https:\/\/hospitalmedicalcubacenter.com\/?pbmit-service=pulmonary\"><span>Learn More<\/span><i class=\"demo-icon pbmit-base-icon-chevron-right-solid\"><\/i><\/a>\r\n\t\t\t<\/div>\r\n\t\t<\/div>\r\n\t<\/div>\r\n<\/div><\/article><article class=\"pbmit-ele pbmit-ele-service pbmit-service-style-1 col-md-4 ginecologia pbmit-term-41  \">\r\n<div class=\"pbminfotech-post-item\">\r\n\t<div class=\"pbmit-service-icon-overlay\">\r\n\t\t<div class=\"pbmit-featured-img-wrapper\"><div class=\"pbmit-featured-wrapper\"><a href=\"https:\/\/hospitalmedicalcubacenter.com\/?pbmit-service=gynecology\"><img loading=\"lazy\" decoding=\"async\" width=\"960\" height=\"690\" src=\"https:\/\/i0.wp.com\/hospitalmedicalcubacenter.com\/wp-content\/uploads\/2023\/01\/Ginecologia.jpg?resize=960%2C690&amp;ssl=1\" class=\"attachment-pbmit-img-960x690 size-pbmit-img-960x690 wp-post-image\" alt=\"\" \/><\/a><\/div><\/div>\t\t<div class=\"pbmit-service-icon-wrapper\">\r\n\t\t\t<i class=\"pbmit-docmet-icon pbmit-docmet-icon-gynecology\"><\/i>\t\t<\/div>\r\n\t<\/div>\r\n\t<div class=\"pbminfotech-box-content\">\r\n\t\t<div class=\"pbminfotech--box-content-inner\">\r\n\t\t\t<h3 class=\"pbmit-service-title\"><a href=\"https:\/\/hospitalmedicalcubacenter.com\/?pbmit-service=gynecology\">Ginecolog\u00eda<\/a><\/h3>\r\n\t\t\t\t\t\t<div class=\"pbmit-service-content\"><p> Especialidad m\u00e9dica que trata las enfermedades del sistema reproductor femenino.<\/p>\n<\/div>\r\n\t\t\t \r\n\t\t\t<div class=\"pbmit-service-btn\"> \r\n\t\t\t\t<a href=\"https:\/\/hospitalmedicalcubacenter.com\/?pbmit-service=gynecology\"><span>Learn More<\/span><i class=\"demo-icon pbmit-base-icon-chevron-right-solid\"><\/i><\/a>\r\n\t\t\t<\/div>\r\n\t\t<\/div>\r\n\t<\/div>\r\n<\/div><\/article><article class=\"pbmit-ele pbmit-ele-service pbmit-service-style-1 col-md-4 psicologia pbmit-term-42  \">\r\n<div class=\"pbminfotech-post-item\">\r\n\t<div class=\"pbmit-service-icon-overlay\">\r\n\t\t<div class=\"pbmit-featured-img-wrapper\"><div class=\"pbmit-featured-wrapper\"><a href=\"https:\/\/hospitalmedicalcubacenter.com\/?pbmit-service=pregnancy\"><img loading=\"lazy\" decoding=\"async\" width=\"960\" height=\"690\" src=\"https:\/\/i0.wp.com\/hospitalmedicalcubacenter.com\/wp-content\/uploads\/2023\/01\/Psicologia.jpg?resize=960%2C690&amp;ssl=1\" class=\"attachment-pbmit-img-960x690 size-pbmit-img-960x690 wp-post-image\" alt=\"\" \/><\/a><\/div><\/div>\t\t<div class=\"pbmit-service-icon-wrapper\">\r\n\t\t\t<i class=\"pbmit-docmet-icon pbmit-docmet-icon-psychiatry\"><\/i>\t\t<\/div>\r\n\t<\/div>\r\n\t<div class=\"pbminfotech-box-content\">\r\n\t\t<div class=\"pbminfotech--box-content-inner\">\r\n\t\t\t<h3 class=\"pbmit-service-title\"><a href=\"https:\/\/hospitalmedicalcubacenter.com\/?pbmit-service=pregnancy\">Psicolog\u00eda<\/a><\/h3>\r\n\t\t\t\t\t\t<div class=\"pbmit-service-content\"><p>Disciplina m\u00e9dica que estudia el comportamiento y los procesos mentales de las personas.<\/p>\n<\/div>\r\n\t\t\t \r\n\t\t\t<div class=\"pbmit-service-btn\"> \r\n\t\t\t\t<a href=\"https:\/\/hospitalmedicalcubacenter.com\/?pbmit-service=pregnancy\"><span>Learn More<\/span><i class=\"demo-icon pbmit-base-icon-chevron-right-solid\"><\/i><\/a>\r\n\t\t\t<\/div>\r\n\t\t<\/div>\r\n\t<\/div>\r\n<\/div><\/article><article class=\"pbmit-ele pbmit-ele-service pbmit-service-style-1 col-md-4 pediatria pbmit-term-43  \">\r\n<div class=\"pbminfotech-post-item\">\r\n\t<div class=\"pbmit-service-icon-overlay\">\r\n\t\t<div class=\"pbmit-featured-img-wrapper\"><div class=\"pbmit-featured-wrapper\"><a href=\"https:\/\/hospitalmedicalcubacenter.com\/?pbmit-service=ophthalmology\"><img loading=\"lazy\" decoding=\"async\" width=\"960\" height=\"690\" src=\"https:\/\/i0.wp.com\/hospitalmedicalcubacenter.com\/wp-content\/uploads\/2023\/01\/Pediatria.jpg?resize=960%2C690&amp;ssl=1\" class=\"attachment-pbmit-img-960x690 size-pbmit-img-960x690 wp-post-image\" alt=\"\" \/><\/a><\/div><\/div>\t\t<div class=\"pbmit-service-icon-wrapper\">\r\n\t\t\t<i class=\"pbmit-docmet-icon pbmit-docmet-icon-stethoscope\"><\/i>\t\t<\/div>\r\n\t<\/div>\r\n\t<div class=\"pbminfotech-box-content\">\r\n\t\t<div class=\"pbminfotech--box-content-inner\">\r\n\t\t\t<h3 class=\"pbmit-service-title\"><a href=\"https:\/\/hospitalmedicalcubacenter.com\/?pbmit-service=ophthalmology\">Pediatr\u00eda<\/a><\/h3>\r\n\t\t\t\t\t\t<div class=\"pbmit-service-content\"><p>Especialidad que se enfoca en el cuidado de la salud de los ni\u00f1os, desde el nacimiento hasta la adolescencia.<\/p>\n<\/div>\r\n\t\t\t \r\n\t\t\t<div class=\"pbmit-service-btn\"> \r\n\t\t\t\t<a href=\"https:\/\/hospitalmedicalcubacenter.com\/?pbmit-service=ophthalmology\"><span>Learn More<\/span><i class=\"demo-icon pbmit-base-icon-chevron-right-solid\"><\/i><\/a>\r\n\t\t\t<\/div>\r\n\t\t<\/div>\r\n\t<\/div>\r\n<\/div><\/article><article class=\"pbmit-ele pbmit-ele-service pbmit-service-style-1 col-md-4 neonatologia pbmit-term-44  \">\r\n<div class=\"pbminfotech-post-item\">\r\n\t<div class=\"pbmit-service-icon-overlay\">\r\n\t\t<div class=\"pbmit-featured-img-wrapper\"><div class=\"pbmit-featured-wrapper\"><a href=\"https:\/\/hospitalmedicalcubacenter.com\/?pbmit-service=dental\"><img loading=\"lazy\" decoding=\"async\" width=\"960\" height=\"690\" src=\"https:\/\/i0.wp.com\/hospitalmedicalcubacenter.com\/wp-content\/uploads\/2023\/01\/Neonatologia.jpg?resize=960%2C690&amp;ssl=1\" class=\"attachment-pbmit-img-960x690 size-pbmit-img-960x690 wp-post-image\" alt=\"\" \/><\/a><\/div><\/div>\t\t<div class=\"pbmit-service-icon-wrapper\">\r\n\t\t\t<i class=\"pbmit-docmet-icon pbmit-docmet-icon-hospital-bed-1\"><\/i>\t\t<\/div>\r\n\t<\/div>\r\n\t<div class=\"pbminfotech-box-content\">\r\n\t\t<div class=\"pbminfotech--box-content-inner\">\r\n\t\t\t<h3 class=\"pbmit-service-title\"><a href=\"https:\/\/hospitalmedicalcubacenter.com\/?pbmit-service=dental\">Neonatolog\u00eda<\/a><\/h3>\r\n\t\t\t\t\t\t<div class=\"pbmit-service-content\"><p>Especialidad que trata los reci\u00e9n nacidos prematuros o con enfermedades cong\u00e9nitas o adquiridas en los primeros d\u00edas de vida.<\/p>\n<\/div>\r\n\t\t\t \r\n\t\t\t<div class=\"pbmit-service-btn\"> \r\n\t\t\t\t<a href=\"https:\/\/hospitalmedicalcubacenter.com\/?pbmit-service=dental\"><span>Learn More<\/span><i class=\"demo-icon pbmit-base-icon-chevron-right-solid\"><\/i><\/a>\r\n\t\t\t<\/div>\r\n\t\t<\/div>\r\n\t<\/div>\r\n<\/div><\/article><article class=\"pbmit-ele pbmit-ele-service pbmit-service-style-1 col-md-4 cirugia-general pbmit-term-45  \">\r\n<div class=\"pbminfotech-post-item\">\r\n\t<div class=\"pbmit-service-icon-overlay\">\r\n\t\t<div class=\"pbmit-featured-img-wrapper\"><div class=\"pbmit-featured-wrapper\"><a href=\"https:\/\/hospitalmedicalcubacenter.com\/?pbmit-service=psychiatry\"><img loading=\"lazy\" decoding=\"async\" width=\"960\" height=\"690\" src=\"https:\/\/i0.wp.com\/hospitalmedicalcubacenter.com\/wp-content\/uploads\/2023\/01\/Cirugia-General.jpg?resize=960%2C690&amp;ssl=1\" class=\"attachment-pbmit-img-960x690 size-pbmit-img-960x690 wp-post-image\" alt=\"\" \/><\/a><\/div><\/div>\t\t<div class=\"pbmit-service-icon-wrapper\">\r\n\t\t\t<i class=\"pbmit-docmet-icon pbmit-docmet-icon-surgical-instrument\"><\/i>\t\t<\/div>\r\n\t<\/div>\r\n\t<div class=\"pbminfotech-box-content\">\r\n\t\t<div class=\"pbminfotech--box-content-inner\">\r\n\t\t\t<h3 class=\"pbmit-service-title\"><a href=\"https:\/\/hospitalmedicalcubacenter.com\/?pbmit-service=psychiatry\">Cirug\u00eda General<\/a><\/h3>\r\n\t\t\t\t\t\t<div class=\"pbmit-service-content\"><p>especialidad que se encarga de realizar intervenciones quir\u00fargicas en diferentes \u00e1reas del cuerpo.<\/p>\n<\/div>\r\n\t\t\t \r\n\t\t\t<div class=\"pbmit-service-btn\"> \r\n\t\t\t\t<a href=\"https:\/\/hospitalmedicalcubacenter.com\/?pbmit-service=psychiatry\"><span>Learn More<\/span><i class=\"demo-icon pbmit-base-icon-chevron-right-solid\"><\/i><\/a>\r\n\t\t\t<\/div>\r\n\t\t<\/div>\r\n\t<\/div>\r\n<\/div><\/article><article class=\"pbmit-ele pbmit-ele-service pbmit-service-style-1 col-md-4 endocrinologia pbmit-term-46  \">\r\n<div class=\"pbminfotech-post-item\">\r\n\t<div class=\"pbmit-service-icon-overlay\">\r\n\t\t<div class=\"pbmit-featured-img-wrapper\"><div class=\"pbmit-featured-wrapper\"><a href=\"https:\/\/hospitalmedicalcubacenter.com\/?pbmit-service=surgery\"><img loading=\"lazy\" decoding=\"async\" width=\"960\" height=\"690\" src=\"https:\/\/i0.wp.com\/hospitalmedicalcubacenter.com\/wp-content\/uploads\/2023\/01\/Endocrinologia.jpg?resize=960%2C690&amp;ssl=1\" class=\"attachment-pbmit-img-960x690 size-pbmit-img-960x690 wp-post-image\" alt=\"\" \/><\/a><\/div><\/div>\t\t<div class=\"pbmit-service-icon-wrapper\">\r\n\t\t\t<i class=\"pbmit-docmet-icon pbmit-docmet-icon-health-care\"><\/i>\t\t<\/div>\r\n\t<\/div>\r\n\t<div class=\"pbminfotech-box-content\">\r\n\t\t<div class=\"pbminfotech--box-content-inner\">\r\n\t\t\t<h3 class=\"pbmit-service-title\"><a href=\"https:\/\/hospitalmedicalcubacenter.com\/?pbmit-service=surgery\">Endocrinolog\u00eda<\/a><\/h3>\r\n\t\t\t\t\t\t<div class=\"pbmit-service-content\"><p>Especialidad que se ocupa del estudio y tratamiento de las enfermedades relacionadas con las gl\u00e1ndulas endocrinas y los desequilibrios hormonales.<\/p>\n<\/div>\r\n\t\t\t \r\n\t\t\t<div class=\"pbmit-service-btn\"> \r\n\t\t\t\t<a href=\"https:\/\/hospitalmedicalcubacenter.com\/?pbmit-service=surgery\"><span>Learn More<\/span><i class=\"demo-icon pbmit-base-icon-chevron-right-solid\"><\/i><\/a>\r\n\t\t\t<\/div>\r\n\t\t<\/div>\r\n\t<\/div>\r\n<\/div><\/article>\t\t\t\t<\/div> <!-- .pbmit-element-posts-wrapper -->\r\n\r\n\t\t\t\t\r\n\t\t\t\r\n\t\t\r\n\t\t<\/div><!-- .pbmit-element-inner -->   <\/div><!-- .pbminfotech-element -->  \r\n\t\t\t\t\t\t<\/div>\n\t\t\t\t<\/div>\n\t\t\t\t\t<\/div>\n\t\t<\/div>\n\t\t\t\t\t<\/div>\n\t\t<\/div>\n\t\t\t\t<\/div>\n\t\t","protected":false},"excerpt":{"rendered":"<p>{\u00abcpt\u00bb:\u00bbservice\u00bb,\u00bbstyle\u00bb:\u00bb1&#8243;,\u00bbcolumns\u00bb:\u00bb3&#8243;,\u00bbshow\u00bb:12,\u00bborder\u00bb:\u00bbDESC\u00bb,\u00bborderby\u00bb:\u00bbnone\u00bb} Medicina General Primer nivel de atenci\u00f3n m\u00e9dica y es imprescindible para la prevenci\u00f3n, detecci\u00f3n, tratamiento y seguimiento de enfermedades Learn More Cirug\u00eda Pl\u00e1stica Especialidad quir\u00fargica que se ocupa de la correcci\u00f3n de todo proceso cong\u00e9nito, adquirido, tumoral o simplemente involutivo Learn More Oftalmolog\u00eda Enfermedades y tratamientos de los ojos, parpados, y v\u00edas lagrimales Learn [&hellip;]<\/p>\n","protected":false},"author":5,"featured_media":0,"parent":0,"menu_order":9,"comment_status":"closed","ping_status":"closed","template":"","meta":{"_acf_changed":false,"om_disable_all_campaigns":false,"footnotes":""},"class_list":["post-67","page","type-page","status-publish","hentry"],"acf":[],"jetpack_sharing_enabled":true,"_links":{"self":[{"href":"https:\/\/hospitalmedicalcubacenter.com\/index.php?rest_route=\/wp\/v2\/pages\/67","targetHints":{"allow":["GET"]}}],"collection":[{"href":"https:\/\/hospitalmedicalcubacenter.com\/index.php?rest_route=\/wp\/v2\/pages"}],"about":[{"href":"https:\/\/hospitalmedicalcubacenter.com\/index.php?rest_route=\/wp\/v2\/types\/page"}],"author":[{"embeddable":true,"href":"https:\/\/hospitalmedicalcubacenter.com\/index.php?rest_route=\/wp\/v2\/users\/5"}],"replies":[{"embeddable":true,"href":"https:\/\/hospitalmedicalcubacenter.com\/index.php?rest_route=%2Fwp%2Fv2%2Fcomments&post=67"}],"version-history":[{"count":5,"href":"https:\/\/hospitalmedicalcubacenter.com\/index.php?rest_route=\/wp\/v2\/pages\/67\/revisions"}],"predecessor-version":[{"id":1661,"href":"https:\/\/hospitalmedicalcubacenter.com\/index.php?rest_route=\/wp\/v2\/pages\/67\/revisions\/1661"}],"wp:attachment":[{"href":"https:\/\/hospitalmedicalcubacenter.com\/index.php?rest_route=%2Fwp%2Fv2%2Fmedia&parent=67"}],"curies":[{"name":"wp","href":"https:\/\/api.w.org\/{rel}","templated":true}]}}